{"id":34,"date":"2015-11-04T15:33:42","date_gmt":"2015-11-04T14:33:42","guid":{"rendered":"https:\/\/www.pravda-nebo-lez.cz\/?page_id=34"},"modified":"2017-05-10T15:05:24","modified_gmt":"2017-05-10T13:05:24","slug":"o-pravda-nebo-lez","status":"publish","type":"page","link":"https:\/\/www.pravda-nebo-lez.cz\/?page_id=34","title":{"rendered":"O Pravda nebo le\u017e"},"content":{"rendered":"<p><img loading=\"lazy\" decoding=\"async\" class=\"size-full wp-image-77 alignright\" src=\"http:\/\/www.pravda-nebo-lez.cz\/wp-content\/uploads\/2015\/11\/pravda-nebo-lez1.png\" alt=\"pravda-nebo-lez\" width=\"240\" height=\"226\" \/><\/p>\n<div class=\"left\">\n<p>Z\u00e1bavn\u00e1 hra pro ka\u017edou p\u0159\u00edle\u017eitost.<\/p>\n<p>Zahraj si s\u00a0rodinou nebo p\u0159\u00e1teli a u\u017eij si spoustu z\u00e1bavy!<\/p>\n<\/div>\n<div class=\"super\">Pozorn\u011b poslouchej moder\u00e1tora a p\u0159iprav se na mnoh\u00e1 p\u0159ekvapen\u00ed!<\/div>\n<p><img loading=\"lazy\" decoding=\"async\" class=\"alignleft wp-image-70\" src=\"http:\/\/www.pravda-nebo-lez.cz\/wp-content\/uploads\/2015\/11\/obal1b.png\" alt=\"\" width=\"269\" height=\"280\" srcset=\"https:\/\/www.pravda-nebo-lez.cz\/wp-content\/uploads\/2015\/11\/obal1b.png 300w, https:\/\/www.pravda-nebo-lez.cz\/wp-content\/uploads\/2015\/11\/obal1b-288x300.png 288w\" sizes=\"auto, (max-width: 269px) 100vw, 269px\" \/><\/p>\n<ul>\n<li>Moder\u00e1tor ti bude \u0159\u00edkat r\u016fzn\u00e1 tvrzen\u00ed a ty mus\u00ed\u0161 \u0159\u00edct, zda je to pravda nebo le\u017e.<\/li>\n<li>Mysl\u00ed\u0161 si, \u017ee zn\u00e1\u0161 odpov\u011b\u010f? Bu\u010f prvn\u00ed kdo stiskne sv\u00e9 tla\u010d\u00edtko a odpov\u011bz!<\/li>\n<li>Pokud odpov\u00ed\u0161 spr\u00e1vn\u011b, z\u00edsk\u00e1\u0161 body, ale pozor, kdy\u017e odpov\u00ed\u0161 \u0161patn\u011b, tak body ztr\u00e1c\u00ed\u0161!<\/li>\n<li>Hra m\u00e1 t\u0159i kola. Ka\u017ed\u00e9 kolo m\u00e1 sv\u00e1 pravidla a mnoh\u00e1 p\u0159ekvapen\u00ed.<\/li>\n<li>C\u00edlem hry je nasb\u00edrat co nejv\u00edc bod\u016f a porazit soupe\u0159e.<\/li>\n<\/ul>\n<p>&nbsp;<\/p>\n<div class=\"super\">U t\u00e9to hry nemus\u00ed\u0161 \u010d\u00edst \u017e\u00e1dn\u00e9 n\u00e1vody. Moder\u00e1tor t\u011b celou hrou provede.<\/div>\n<p>&nbsp;<\/p>\n<div class=\"center\">\n<p>Hra pro 2-5 hr\u00e1\u010d\u016f.<\/p>\n<p>Hra je vhodn\u00e1 pro d\u011bti od 9 let.<\/p>\n<\/div>\n<p><img loading=\"lazy\" decoding=\"async\" class=\"alignnone size-full wp-image-63\" src=\"http:\/\/www.pravda-nebo-lez.cz\/wp-content\/uploads\/2015\/11\/pravda1.png\" alt=\"pravda1\" width=\"680\" height=\"391\" srcset=\"https:\/\/www.pravda-nebo-lez.cz\/wp-content\/uploads\/2015\/11\/pravda1.png 680w, https:\/\/www.pravda-nebo-lez.cz\/wp-content\/uploads\/2015\/11\/pravda1-300x173.png 300w\" sizes=\"auto, (max-width: 680px) 100vw, 680px\" \/><\/p>\n","protected":false},"excerpt":{"rendered":"<p>Z\u00e1bavn\u00e1 hra pro ka\u017edou p\u0159\u00edle\u017eitost. Zahraj si s\u00a0rodinou nebo p\u0159\u00e1teli a u\u017eij si spoustu z\u00e1bavy! Pozorn\u011b poslouchej moder\u00e1tora a p\u0159iprav se na mnoh\u00e1 p\u0159ekvapen\u00ed! Moder\u00e1tor ti bude \u0159\u00edkat r\u016fzn\u00e1 tvrzen\u00ed a ty mus\u00ed\u0161 \u0159\u00edct, zda je to pravda nebo le\u017e. Mysl\u00ed\u0161 si, \u017ee zn\u00e1\u0161 odpov\u011b\u010f? Bu\u010f prvn\u00ed kdo stiskne sv\u00e9 tla\u010d\u00edtko a odpov\u011bz! Pokud odpov\u00ed\u0161 [&hellip;]<\/p>\n","protected":false},"author":2,"featured_media":0,"parent":0,"menu_order":0,"comment_status":"closed","ping_status":"closed","template":"page-full-width.php","meta":{"ngg_post_thumbnail":0,"footnotes":""},"class_list":["post-34","page","type-page","status-publish","hentry"],"_links":{"self":[{"href":"https:\/\/www.pravda-nebo-lez.cz\/index.php?rest_route=\/wp\/v2\/pages\/34","targetHints":{"allow":["GET"]}}],"collection":[{"href":"https:\/\/www.pravda-nebo-lez.cz\/index.php?rest_route=\/wp\/v2\/pages"}],"about":[{"href":"https:\/\/www.pravda-nebo-lez.cz\/index.php?rest_route=\/wp\/v2\/types\/page"}],"author":[{"embeddable":true,"href":"https:\/\/www.pravda-nebo-lez.cz\/index.php?rest_route=\/wp\/v2\/users\/2"}],"replies":[{"embeddable":true,"href":"https:\/\/www.pravda-nebo-lez.cz\/index.php?rest_route=%2Fwp%2Fv2%2Fcomments&post=34"}],"version-history":[{"count":18,"href":"https:\/\/www.pravda-nebo-lez.cz\/index.php?rest_route=\/wp\/v2\/pages\/34\/revisions"}],"predecessor-version":[{"id":98,"href":"https:\/\/www.pravda-nebo-lez.cz\/index.php?rest_route=\/wp\/v2\/pages\/34\/revisions\/98"}],"wp:attachment":[{"href":"https:\/\/www.pravda-nebo-lez.cz\/index.php?rest_route=%2Fwp%2Fv2%2Fmedia&parent=34"}],"curies":[{"name":"wp","href":"https:\/\/api.w.org\/{rel}","templated":true}]}}