{"id":25,"date":"2015-11-04T14:16:30","date_gmt":"2015-11-04T13:16:30","guid":{"rendered":"https:\/\/www.pravda-nebo-lez.cz\/?page_id=25"},"modified":"2024-06-26T11:55:16","modified_gmt":"2024-06-26T09:55:16","slug":"prodejci","status":"publish","type":"page","link":"https:\/\/www.pravda-nebo-lez.cz\/?page_id=25","title":{"rendered":"Prodejci"},"content":{"rendered":"<p>&nbsp;<\/p>\n<div style=\"float: left; width: 46%;\">\n<p><a href=\"http:\/\/www.pompo.cz\"><img loading=\"lazy\" decoding=\"async\" class=\"aligncenter wp-image-83\" src=\"http:\/\/www.pravda-nebo-lez.cz\/wp-content\/uploads\/2024\/06\/pompo_logo-300x166-1.jpg\" alt=\"Logo POMPO\" width=\"200\" height=\"111\"><\/a><\/p>\n<p style=\"text-align: center;\">Pravda nebo le\u017e &nbsp;zakoup\u00edte v&nbsp;prodejn\u00e1ch Pompo a na <a href=\"http:\/\/www.pompo.cz\">www.pompo.cz<\/a><\/p>\n<\/div>\n<div style=\"float: right; width: 46%;\">\n<p><a href=\"http:\/\/www.mall.cz\"><img loading=\"lazy\" decoding=\"async\" class=\"aligncenter wp-image-86\" src=\"http:\/\/www.pravda-nebo-lez.cz\/wp-content\/uploads\/2024\/06\/mall_logo-300x203-1.png\" alt=\"Mall logo\" width=\"167\" height=\"113\"><\/a><\/p>\n<p style=\"text-align: center;\">Pravda nebo le\u017e zakoup\u00edte na <a href=\"http:\/\/www.mall.cz\">www.mall.cz<\/a><\/p>\n<\/div>\n","protected":false},"excerpt":{"rendered":"<p>&nbsp; Pravda nebo le\u017e &nbsp;zakoup\u00edte v&nbsp;prodejn\u00e1ch Pompo a na www.pompo.cz Pravda nebo le\u017e zakoup\u00edte na www.mall.cz<\/p>\n","protected":false},"author":2,"featured_media":0,"parent":0,"menu_order":0,"comment_status":"closed","ping_status":"closed","template":"page-full-width.php","meta":{"ngg_post_thumbnail":0,"footnotes":""},"class_list":["post-25","page","type-page","status-publish","hentry"],"_links":{"self":[{"href":"https:\/\/www.pravda-nebo-lez.cz\/index.php?rest_route=\/wp\/v2\/pages\/25","targetHints":{"allow":["GET"]}}],"collection":[{"href":"https:\/\/www.pravda-nebo-lez.cz\/index.php?rest_route=\/wp\/v2\/pages"}],"about":[{"href":"https:\/\/www.pravda-nebo-lez.cz\/index.php?rest_route=\/wp\/v2\/types\/page"}],"author":[{"embeddable":true,"href":"https:\/\/www.pravda-nebo-lez.cz\/index.php?rest_route=\/wp\/v2\/users\/2"}],"replies":[{"embeddable":true,"href":"https:\/\/www.pravda-nebo-lez.cz\/index.php?rest_route=%2Fwp%2Fv2%2Fcomments&post=25"}],"version-history":[{"count":19,"href":"https:\/\/www.pravda-nebo-lez.cz\/index.php?rest_route=\/wp\/v2\/pages\/25\/revisions"}],"predecessor-version":[{"id":120,"href":"https:\/\/www.pravda-nebo-lez.cz\/index.php?rest_route=\/wp\/v2\/pages\/25\/revisions\/120"}],"wp:attachment":[{"href":"https:\/\/www.pravda-nebo-lez.cz\/index.php?rest_route=%2Fwp%2Fv2%2Fmedia&parent=25"}],"curies":[{"name":"wp","href":"https:\/\/api.w.org\/{rel}","templated":true}]}}